{"id":1452,"date":"2023-04-06T18:59:38","date_gmt":"2023-04-06T21:59:38","guid":{"rendered":"https:\/\/vinhabrasil.com.br\/loja3\/?post_type=product&#038;p=1452"},"modified":"2025-04-28T14:09:24","modified_gmt":"2025-04-28T17:09:24","slug":"premiado","status":"publish","type":"product","link":"https:\/\/vinhabrasil.com.br\/loja3\/product\/premiado\/","title":{"rendered":"Premiado"},"content":{"rendered":"","protected":false},"excerpt":{"rendered":"<p>\u00c9 um lote especial, \u00fanico e limitado que combina tr\u00eas das \u00faltimas safras premiadas em um assemblage delicado com novos cortes feitos de gr\u00e3os inteiros fermentados diretamente em barris de carvalho de 500 litros.<\/p>\n<p>Vermelho rubi intenso. Aromas a frutos secos, ameixas, passas e notas de chocolate e coco proporcionadas pela madeira. Na boca, taninos suaves, grande corpo e um final longo e agrad\u00e1vel. Muito redondo e elegante.<\/p>\n","protected":false},"featured_media":1489,"template":"","meta":[],"product_cat":[81,94,93,83],"product_tag":[89,115,116,117],"class_list":["post-1452","product","type-product","status-publish","has-post-thumbnail","hentry","product_cat-argentina","product_cat-premiados","product_cat-tinto","product_cat-todos","product_tag-jorge-rubio","product_tag-malbec","product_tag-malbec-argentino-premiado","product_tag-premiado"],"_links":{"self":[{"href":"https:\/\/vinhabrasil.com.br\/loja3\/wp-json\/wp\/v2\/product\/1452","targetHints":{"allow":["GET"]}}],"collection":[{"href":"https:\/\/vinhabrasil.com.br\/loja3\/wp-json\/wp\/v2\/product"}],"about":[{"href":"https:\/\/vinhabrasil.com.br\/loja3\/wp-json\/wp\/v2\/types\/product"}],"wp:featuredmedia":[{"embeddable":true,"href":"https:\/\/vinhabrasil.com.br\/loja3\/wp-json\/wp\/v2\/media\/1489"}],"wp:attachment":[{"href":"https:\/\/vinhabrasil.com.br\/loja3\/wp-json\/wp\/v2\/media?parent=1452"}],"wp:term":[{"taxonomy":"product_cat","embeddable":true,"href":"https:\/\/vinhabrasil.com.br\/loja3\/wp-json\/wp\/v2\/product_cat?post=1452"},{"taxonomy":"product_tag","embeddable":true,"href":"https:\/\/vinhabrasil.com.br\/loja3\/wp-json\/wp\/v2\/product_tag?post=1452"}],"curies":[{"name":"wp","href":"https:\/\/api.w.org\/{rel}","templated":true}]}}