{"id":1455,"date":"2023-04-06T18:59:39","date_gmt":"2023-04-06T21:59:39","guid":{"rendered":"https:\/\/vinhabrasil.com.br\/loja3\/?post_type=product&#038;p=1455"},"modified":"2025-04-28T14:09:14","modified_gmt":"2025-04-28T17:09:14","slug":"solar-6","status":"publish","type":"product","link":"https:\/\/vinhabrasil.com.br\/loja3\/product\/solar-6\/","title":{"rendered":"Solar 6"},"content":{"rendered":"","protected":false},"excerpt":{"rendered":"<p>Solar 6 \u00e9 um vinho de agricultura biodin\u00e2mica e org\u00e2nica, certificado &#8220;AB&#8221; e &#8220;Bee Friendly&#8221; (Amigo das Abelhas).<\/p>\n<p>Num contexto alarmante de desaparecimento crescente de polinizadores, os apicultores iniciaram a cria\u00e7\u00e3o do r\u00f3tulo europeu &#8220;Amigo das Abelhas&#8221;, a fim de identificar pr\u00e1ticas agr\u00edcolas que respeitem a preserva\u00e7\u00e3o das abelhas.<\/p>\n<p>O nome deste estilo de vinhos, redondos e frutados, Solar 6, \u00e9 uma homenagem aos terroirs solares do Sul da Fran\u00e7a onde estes vinhos s\u00e3o produzidos.<\/p>\n<p>Ele tamb\u00e9m menciona o primeiro v\u00f4o de reconhecimento das abelhas, o &#8220;sol de fogos de artif\u00edcio&#8221;, e o n\u00famero simb\u00f3lico desses polinizadores, o 6.<\/p>\n","protected":false},"featured_media":1492,"template":"","meta":[],"product_cat":[91,94,93,83],"product_tag":[120,98,122,123],"class_list":["post-1455","product","type-product","status-publish","has-post-thumbnail","hentry","product_cat-franca","product_cat-premiados","product_cat-tinto","product_cat-todos","product_tag-franca","product_tag-gerard-bertrand","product_tag-languedoc","product_tag-solar-6"],"_links":{"self":[{"href":"https:\/\/vinhabrasil.com.br\/loja3\/wp-json\/wp\/v2\/product\/1455","targetHints":{"allow":["GET"]}}],"collection":[{"href":"https:\/\/vinhabrasil.com.br\/loja3\/wp-json\/wp\/v2\/product"}],"about":[{"href":"https:\/\/vinhabrasil.com.br\/loja3\/wp-json\/wp\/v2\/types\/product"}],"wp:featuredmedia":[{"embeddable":true,"href":"https:\/\/vinhabrasil.com.br\/loja3\/wp-json\/wp\/v2\/media\/1492"}],"wp:attachment":[{"href":"https:\/\/vinhabrasil.com.br\/loja3\/wp-json\/wp\/v2\/media?parent=1455"}],"wp:term":[{"taxonomy":"product_cat","embeddable":true,"href":"https:\/\/vinhabrasil.com.br\/loja3\/wp-json\/wp\/v2\/product_cat?post=1455"},{"taxonomy":"product_tag","embeddable":true,"href":"https:\/\/vinhabrasil.com.br\/loja3\/wp-json\/wp\/v2\/product_tag?post=1455"}],"curies":[{"name":"wp","href":"https:\/\/api.w.org\/{rel}","templated":true}]}}