{"id":1458,"date":"2023-04-06T18:59:39","date_gmt":"2023-04-06T21:59:39","guid":{"rendered":"https:\/\/vinhabrasil.com.br\/loja3\/?post_type=product&#038;p=1458"},"modified":"2025-04-28T14:08:36","modified_gmt":"2025-04-28T17:08:36","slug":"finca-gabriel-sauvignon-blanc","status":"publish","type":"product","link":"https:\/\/vinhabrasil.com.br\/loja3\/product\/finca-gabriel-sauvignon-blanc\/","title":{"rendered":"Finca Gabriel &#8211; Sauvignon Blanc"},"content":{"rendered":"","protected":false},"excerpt":{"rendered":"<p><img loading=\"lazy\" decoding=\"async\" class=\"alignnone size-full wp-image-17810\" src=\"http:\/\/vinhabrasil.com.br\/wp-content\/uploads\/2021\/04\/VINO-SUB-30-ORO.png\" alt=\"\" width=\"130\" height=\"130\" \/> <img loading=\"lazy\" decoding=\"async\" class=\"alignnone size-full wp-image-17816\" src=\"http:\/\/vinhabrasil.com.br\/wp-content\/uploads\/2021\/04\/VINUS-ORO.png\" alt=\"\" width=\"130\" height=\"130\" \/> <img loading=\"lazy\" decoding=\"async\" class=\"alignnone size-full wp-image-17804\" src=\"http:\/\/vinhabrasil.com.br\/wp-content\/uploads\/2021\/04\/LA-MUJER-ELIJE-PLATA.png\" alt=\"\" width=\"130\" height=\"130\" \/><\/p>\n<p>Um vinhos varietal jovem envelhecidos durante 8 meses em barricas de carvalho franc\u00eas.<\/p>\n<p>As melhores frutas foram selecionadas para fazer este vinho.<\/p>\n<p>T\u00eam um bom equil\u00edbrio t\u00e2nico e apresenta uma cor intensa com aromas frutados, percebendo a passagem pela madeira e um sabor raro na boca.<\/p>\n<p>Marcante sabor de p\u00eassego, abacaxi e mel\u00e3o.<\/p>\n","protected":false},"featured_media":1507,"template":"","meta":[],"product_cat":[81,125,105,83],"product_tag":[103,132,131,89,133],"class_list":["post-1458","product","type-product","status-publish","has-post-thumbnail","hentry","product_cat-argentina","product_cat-branco","product_cat-mais-vendidos","product_cat-todos","product_tag-argentina","product_tag-branco","product_tag-finca-gabriel","product_tag-jorge-rubio","product_tag-sauvignon-blanc"],"_links":{"self":[{"href":"https:\/\/vinhabrasil.com.br\/loja3\/wp-json\/wp\/v2\/product\/1458","targetHints":{"allow":["GET"]}}],"collection":[{"href":"https:\/\/vinhabrasil.com.br\/loja3\/wp-json\/wp\/v2\/product"}],"about":[{"href":"https:\/\/vinhabrasil.com.br\/loja3\/wp-json\/wp\/v2\/types\/product"}],"wp:featuredmedia":[{"embeddable":true,"href":"https:\/\/vinhabrasil.com.br\/loja3\/wp-json\/wp\/v2\/media\/1507"}],"wp:attachment":[{"href":"https:\/\/vinhabrasil.com.br\/loja3\/wp-json\/wp\/v2\/media?parent=1458"}],"wp:term":[{"taxonomy":"product_cat","embeddable":true,"href":"https:\/\/vinhabrasil.com.br\/loja3\/wp-json\/wp\/v2\/product_cat?post=1458"},{"taxonomy":"product_tag","embeddable":true,"href":"https:\/\/vinhabrasil.com.br\/loja3\/wp-json\/wp\/v2\/product_tag?post=1458"}],"curies":[{"name":"wp","href":"https:\/\/api.w.org\/{rel}","templated":true}]}}