{"id":1461,"date":"2023-04-06T18:59:40","date_gmt":"2023-04-06T21:59:40","guid":{"rendered":"https:\/\/vinhabrasil.com.br\/loja3\/?post_type=product&#038;p=1461"},"modified":"2025-04-28T14:08:12","modified_gmt":"2025-04-28T17:08:12","slug":"heritage-la-clape","status":"publish","type":"product","link":"https:\/\/vinhabrasil.com.br\/loja3\/product\/heritage-la-clape\/","title":{"rendered":"H\u00e9ritage &#8211; La Clape"},"content":{"rendered":"","protected":false},"excerpt":{"rendered":"<p>Este vinho \u00e9 uma homenagem de Gerard Bertrand ao ano de 1650, onde marcou o auge do com\u00e9rcio do vinho mar\u00edtimo iniciado pelos gregos que, desde a antiguidade, fizeram do porto de Narbonne, protegido pela ilha do Maci\u00e7o de la Clape, um lugar alto da cultura da vinha. O vinho tr\u00e1s a riqueza dos seus aromas: depois da compota de groselha preta vem o cacau, depois a baunilha.<\/p>\n<p>Na boca, \u00e9 concentrado e poderoso, e o paladar \u00e9 aveludado.<\/p>\n","protected":false},"featured_media":1503,"template":"","meta":[],"product_cat":[91,93,83],"product_tag":[98,130,104],"class_list":["post-1461","product","type-product","status-publish","has-post-thumbnail","hentry","product_cat-franca","product_cat-tinto","product_cat-todos","product_tag-gerard-bertrand","product_tag-heritage","product_tag-tinto"],"_links":{"self":[{"href":"https:\/\/vinhabrasil.com.br\/loja3\/wp-json\/wp\/v2\/product\/1461","targetHints":{"allow":["GET"]}}],"collection":[{"href":"https:\/\/vinhabrasil.com.br\/loja3\/wp-json\/wp\/v2\/product"}],"about":[{"href":"https:\/\/vinhabrasil.com.br\/loja3\/wp-json\/wp\/v2\/types\/product"}],"wp:featuredmedia":[{"embeddable":true,"href":"https:\/\/vinhabrasil.com.br\/loja3\/wp-json\/wp\/v2\/media\/1503"}],"wp:attachment":[{"href":"https:\/\/vinhabrasil.com.br\/loja3\/wp-json\/wp\/v2\/media?parent=1461"}],"wp:term":[{"taxonomy":"product_cat","embeddable":true,"href":"https:\/\/vinhabrasil.com.br\/loja3\/wp-json\/wp\/v2\/product_cat?post=1461"},{"taxonomy":"product_tag","embeddable":true,"href":"https:\/\/vinhabrasil.com.br\/loja3\/wp-json\/wp\/v2\/product_tag?post=1461"}],"curies":[{"name":"wp","href":"https:\/\/api.w.org\/{rel}","templated":true}]}}