{"id":1471,"date":"2023-04-06T18:59:44","date_gmt":"2023-04-06T21:59:44","guid":{"rendered":"https:\/\/vinhabrasil.com.br\/loja3\/?post_type=product&#038;p=1471"},"modified":"2025-04-28T14:04:37","modified_gmt":"2025-04-28T17:04:37","slug":"prosecco-bella-italia","status":"publish","type":"product","link":"https:\/\/vinhabrasil.com.br\/loja3\/product\/prosecco-bella-italia\/","title":{"rendered":"Prosecco Bella It\u00e1lia"},"content":{"rendered":"","protected":false},"excerpt":{"rendered":"<p>Elaborado com uvas dos melhores vinhedos localizados nas colinas do territ\u00f3rio de Treviso, possui tons de amarelo claro e aos breves reflexos esverdeados.<br \/>\nPerlage fino, intenso e duradouro, aromas intensos de frutas brancas e mel, envolvidos em sutis refer\u00eancias florais. Ao paladar \u00e9 fresco, \u00f3tima acidez, harmonioso e longo.<\/p>\n","protected":false},"featured_media":1515,"template":"","meta":[],"product_cat":[82,144,83],"product_tag":[146],"class_list":["post-1471","product","type-product","status-publish","has-post-thumbnail","hentry","product_cat-espumante","product_cat-italia","product_cat-todos","product_tag-pilandro"],"_links":{"self":[{"href":"https:\/\/vinhabrasil.com.br\/loja3\/wp-json\/wp\/v2\/product\/1471","targetHints":{"allow":["GET"]}}],"collection":[{"href":"https:\/\/vinhabrasil.com.br\/loja3\/wp-json\/wp\/v2\/product"}],"about":[{"href":"https:\/\/vinhabrasil.com.br\/loja3\/wp-json\/wp\/v2\/types\/product"}],"wp:featuredmedia":[{"embeddable":true,"href":"https:\/\/vinhabrasil.com.br\/loja3\/wp-json\/wp\/v2\/media\/1515"}],"wp:attachment":[{"href":"https:\/\/vinhabrasil.com.br\/loja3\/wp-json\/wp\/v2\/media?parent=1471"}],"wp:term":[{"taxonomy":"product_cat","embeddable":true,"href":"https:\/\/vinhabrasil.com.br\/loja3\/wp-json\/wp\/v2\/product_cat?post=1471"},{"taxonomy":"product_tag","embeddable":true,"href":"https:\/\/vinhabrasil.com.br\/loja3\/wp-json\/wp\/v2\/product_tag?post=1471"}],"curies":[{"name":"wp","href":"https:\/\/api.w.org\/{rel}","templated":true}]}}