{"id":1486,"date":"2023-04-06T19:00:37","date_gmt":"2023-04-06T22:00:37","guid":{"rendered":"https:\/\/vinhabrasil.com.br\/loja3\/?post_type=product&#038;p=1486"},"modified":"2025-04-28T14:03:45","modified_gmt":"2025-04-28T17:03:45","slug":"chateau-lhospitalet-magnum-15-l","status":"publish","type":"product","link":"https:\/\/vinhabrasil.com.br\/loja3\/product\/chateau-lhospitalet-magnum-15-l\/","title":{"rendered":"Ch\u00e2teau L&#8217;Hospitalet (Magnum) 1,5 L"},"content":{"rendered":"","protected":false},"excerpt":{"rendered":"<p><img loading=\"lazy\" decoding=\"async\" class=\"alignnone wp-image-17872\" src=\"http:\/\/vinhabrasil.com.br\/wp-content\/uploads\/2021\/04\/decanter.png\" alt=\"\" width=\"106\" height=\"106\" \/> <img loading=\"lazy\" decoding=\"async\" class=\"alignnone size-full wp-image-17871\" src=\"http:\/\/vinhabrasil.com.br\/wp-content\/uploads\/2021\/04\/95-points-iwsc.png\" alt=\"\" width=\"106\" height=\"106\" \/> <img loading=\"lazy\" decoding=\"async\" class=\"alignnone size-full wp-image-17870\" src=\"http:\/\/vinhabrasil.com.br\/wp-content\/uploads\/2021\/04\/93-points-hospitalet.png\" alt=\"\" width=\"106\" height=\"106\" \/><img loading=\"lazy\" decoding=\"async\" class=\"alignnone size-full wp-image-17874\" src=\"http:\/\/vinhabrasil.com.br\/wp-content\/uploads\/2021\/04\/demeter.png\" alt=\"\" width=\"106\" height=\"106\" \/><img loading=\"lazy\" decoding=\"async\" class=\"alignnone size-full wp-image-17875\" src=\"http:\/\/vinhabrasil.com.br\/wp-content\/uploads\/2021\/04\/ab.png\" alt=\"\" width=\"106\" height=\"106\" \/><\/p>\n<ul>\n<li>Medalha de ouro no Decanter 2020 World Wine Awards<\/li>\n<li>95 pontos na IWSC 2020<\/li>\n<li>Medalha de ouro na competi\u00e7\u00e3o Mundus Vini 2020<\/li>\n<\/ul>\n<p>Como parte de uma viagem presidencial \u00e0 China em novembro de 2019, Ch\u00e2teau\u2019Hospitalet foi escolhido para representar a excel\u00eancia dos vinhos franceses.<\/p>\n<p>Desde a safra de 2017, a propriedade (Ch\u00e2teau L&#8217;Hospitalet) est\u00e1 certificada AB (vinho org\u00e2nico) e DEMETER (agricultura biodin\u00e2mica).<\/p>\n<p>A safra 2017 foi eleita o Melhor Vinho Tinto do Mundo com 97 pontos no International Wine Challenge 2019<\/p>\n","protected":false},"featured_media":1477,"template":"","meta":[],"product_cat":[91,94,93],"product_tag":[],"class_list":["post-1486","product","type-product","status-publish","has-post-thumbnail","hentry","product_cat-franca","product_cat-premiados","product_cat-tinto"],"_links":{"self":[{"href":"https:\/\/vinhabrasil.com.br\/loja3\/wp-json\/wp\/v2\/product\/1486","targetHints":{"allow":["GET"]}}],"collection":[{"href":"https:\/\/vinhabrasil.com.br\/loja3\/wp-json\/wp\/v2\/product"}],"about":[{"href":"https:\/\/vinhabrasil.com.br\/loja3\/wp-json\/wp\/v2\/types\/product"}],"wp:featuredmedia":[{"embeddable":true,"href":"https:\/\/vinhabrasil.com.br\/loja3\/wp-json\/wp\/v2\/media\/1477"}],"wp:attachment":[{"href":"https:\/\/vinhabrasil.com.br\/loja3\/wp-json\/wp\/v2\/media?parent=1486"}],"wp:term":[{"taxonomy":"product_cat","embeddable":true,"href":"https:\/\/vinhabrasil.com.br\/loja3\/wp-json\/wp\/v2\/product_cat?post=1486"},{"taxonomy":"product_tag","embeddable":true,"href":"https:\/\/vinhabrasil.com.br\/loja3\/wp-json\/wp\/v2\/product_tag?post=1486"}],"curies":[{"name":"wp","href":"https:\/\/api.w.org\/{rel}","templated":true}]}}