{"id":1487,"date":"2023-04-06T19:00:38","date_gmt":"2023-04-06T22:00:38","guid":{"rendered":"https:\/\/vinhabrasil.com.br\/loja3\/?post_type=product&#038;p=1487"},"modified":"2025-04-28T14:03:17","modified_gmt":"2025-04-28T17:03:17","slug":"note-rose","status":"publish","type":"product","link":"https:\/\/vinhabrasil.com.br\/loja3\/product\/note-rose\/","title":{"rendered":"Note Ros\u00e9"},"content":{"rendered":"","protected":false},"excerpt":{"rendered":"<p>Note Ros\u00e9\u00a0 (M\u00c9DITERRAN\u00c9E)<br \/>\nUva: Grenache, Cinsault, Syrah, Rolle (Vermentino) e Merlot.<br \/>\nCor: p\u00e1lido, p\u00e9tala rosa.<br \/>\nHarmoniza\u00e7\u00e3o: cozinha proven\u00e7al, carnes brancas, saladas, mel\u00e3o e grelhados asi\u00e1ticos.<br \/>\nPa\u00eds: Fran\u00e7a ??<br \/>\nSabor: fresco e muito suave com frutas vermelhas no final.<br \/>\nTeor Alco\u00f3lico: 13<br \/>\nSafra: 2020<\/p>\n","protected":false},"featured_media":1523,"template":"","meta":[],"product_cat":[91,100,83,92],"product_tag":[161,162],"class_list":["post-1487","product","type-product","status-publish","has-post-thumbnail","hentry","product_cat-franca","product_cat-rose","product_cat-todos","product_cat-vinhos","product_tag-michel-chapoutier","product_tag-note-rose"],"_links":{"self":[{"href":"https:\/\/vinhabrasil.com.br\/loja3\/wp-json\/wp\/v2\/product\/1487","targetHints":{"allow":["GET"]}}],"collection":[{"href":"https:\/\/vinhabrasil.com.br\/loja3\/wp-json\/wp\/v2\/product"}],"about":[{"href":"https:\/\/vinhabrasil.com.br\/loja3\/wp-json\/wp\/v2\/types\/product"}],"wp:featuredmedia":[{"embeddable":true,"href":"https:\/\/vinhabrasil.com.br\/loja3\/wp-json\/wp\/v2\/media\/1523"}],"wp:attachment":[{"href":"https:\/\/vinhabrasil.com.br\/loja3\/wp-json\/wp\/v2\/media?parent=1487"}],"wp:term":[{"taxonomy":"product_cat","embeddable":true,"href":"https:\/\/vinhabrasil.com.br\/loja3\/wp-json\/wp\/v2\/product_cat?post=1487"},{"taxonomy":"product_tag","embeddable":true,"href":"https:\/\/vinhabrasil.com.br\/loja3\/wp-json\/wp\/v2\/product_tag?post=1487"}],"curies":[{"name":"wp","href":"https:\/\/api.w.org\/{rel}","templated":true}]}}