{"id":1673,"date":"2025-04-28T14:26:38","date_gmt":"2025-04-28T17:26:38","guid":{"rendered":"https:\/\/vinhabrasil.com.br\/loja3\/?post_type=product&#038;p=1673"},"modified":"2025-04-28T14:59:16","modified_gmt":"2025-04-28T17:59:16","slug":"7-vinhas-rose","status":"publish","type":"product","link":"https:\/\/vinhabrasil.com.br\/loja3\/product\/7-vinhas-rose\/","title":{"rendered":"7 Vinhas &#8211; Ros\u00e9"},"content":{"rendered":"","protected":false},"excerpt":{"rendered":"<p>Uvas: Castel\u00e3o, Syrah e Aragon\u00eas Vinifica\u00e7\u00e3o: Obtido a partir de uma curta macera\u00e7\u00e3o pelicular (8-12h), fermenta a baixa temperatura de forma a preservar o seu aroma.<\/p>\n<p>Harmoniza\u00e7\u00e3o: Acompanha bem com os pratos de peixe e marisco assim como pratos orientais e pastas.<\/p>\n<p>Teor Alco\u00f3lico 12,5%<\/p>\n<p>Aroma: Frutos vermelhos.<\/p>\n<p>Cor: Rosa intenso.<\/p>\n<p>Servir entre 8\u00ba C e 10\u00ba C.<\/p>\n","protected":false},"featured_media":1670,"template":"","meta":[],"product_cat":[80,163,100,83,92],"product_tag":[],"class_list":["post-1673","product","type-product","status-publish","has-post-thumbnail","hentry","product_cat-pais","product_cat-portugal","product_cat-rose","product_cat-todos","product_cat-vinhos"],"_links":{"self":[{"href":"https:\/\/vinhabrasil.com.br\/loja3\/wp-json\/wp\/v2\/product\/1673","targetHints":{"allow":["GET"]}}],"collection":[{"href":"https:\/\/vinhabrasil.com.br\/loja3\/wp-json\/wp\/v2\/product"}],"about":[{"href":"https:\/\/vinhabrasil.com.br\/loja3\/wp-json\/wp\/v2\/types\/product"}],"wp:featuredmedia":[{"embeddable":true,"href":"https:\/\/vinhabrasil.com.br\/loja3\/wp-json\/wp\/v2\/media\/1670"}],"wp:attachment":[{"href":"https:\/\/vinhabrasil.com.br\/loja3\/wp-json\/wp\/v2\/media?parent=1673"}],"wp:term":[{"taxonomy":"product_cat","embeddable":true,"href":"https:\/\/vinhabrasil.com.br\/loja3\/wp-json\/wp\/v2\/product_cat?post=1673"},{"taxonomy":"product_tag","embeddable":true,"href":"https:\/\/vinhabrasil.com.br\/loja3\/wp-json\/wp\/v2\/product_tag?post=1673"}],"curies":[{"name":"wp","href":"https:\/\/api.w.org\/{rel}","templated":true}]}}